{"id":70,"date":"2024-10-31T02:08:15","date_gmt":"2024-10-31T02:08:15","guid":{"rendered":"https:\/\/hotalo-neefepark.de\/?page_id=70"},"modified":"2024-11-09T22:44:09","modified_gmt":"2024-11-09T21:44:09","slug":"kontakt","status":"publish","type":"page","link":"https:\/\/www.hotalo-neefepark.de\/en\/kontakt\/","title":{"rendered":"Contact"},"content":{"rendered":"\t\t<div data-elementor-type=\"wp-page\" data-elementor-id=\"70\" class=\"elementor elementor-70\">\n\t\t\t\t\t\t<section class=\"elementor-section elementor-top-section elementor-element elementor-element-1d6a0b4 elementor-section-full_width elementor-section-height-default elementor-section-height-default\" data-id=\"1d6a0b4\" data-element_type=\"section\" data-e-type=\"section\">\n\t\t\t\t\t\t<div class=\"elementor-container elementor-column-gap-default\">\n\t\t\t\t\t<div class=\"elementor-column elementor-col-100 elementor-top-column elementor-element elementor-element-4b50a6d\" data-id=\"4b50a6d\" data-element_type=\"column\" data-e-type=\"column\">\n\t\t\t<div class=\"elementor-widget-wrap elementor-element-populated\">\n\t\t\t\t\t\t<div class=\"elementor-element elementor-element-40c2c68 elementor-widget elementor-widget-text-editor\" data-id=\"40c2c68\" data-element_type=\"widget\" data-e-type=\"widget\" data-widget_type=\"text-editor.default\">\n\t\t\t\t<div class=\"elementor-widget-container\">\n\t\t\t\t\t\t\t\t\t<p class=\"has-black-color has-text-color has-link-color wp-elements-0ff54707881cf55e6db766649292d3bc\">Wir sind hier, um zu helfen! Egal, ob du Fragen zu unserer Speisekarte hast oder Unterst\u00fctzung ben\u00f6tigst, unser Team steht bereit, um dir zu helfen. Nutze das Kontaktformular unten, und wir werden uns so schnell wie m\u00f6glich bei dir melden.<\/p><p class=\"has-black-color has-text-color has-link-color wp-elements-0ff54707881cf55e6db766649292d3bc\"><br \/>Wir freuen uns darauf, von dir zu h\u00f6ren!<\/p>\t\t\t\t\t\t\t\t<\/div>\n\t\t\t\t<\/div>\n\t\t\t\t\t<\/div>\n\t\t<\/div>\n\t\t\t\t\t<\/div>\n\t\t<\/section>\n\t\t\t\t<section class=\"elementor-section elementor-top-section elementor-element elementor-element-8a58d87 elementor-section-boxed elementor-section-height-default elementor-section-height-default\" data-id=\"8a58d87\" data-element_type=\"section\" data-e-type=\"section\">\n\t\t\t\t\t\t<div class=\"elementor-container elementor-column-gap-default\">\n\t\t\t\t\t<div class=\"elementor-column elementor-col-50 elementor-top-column elementor-element elementor-element-7e44a34\" data-id=\"7e44a34\" data-element_type=\"column\" data-e-type=\"column\">\n\t\t\t<div class=\"elementor-widget-wrap elementor-element-populated\">\n\t\t\t\t\t\t<div class=\"elementor-element elementor-element-b5451c1 elementor-widget elementor-widget-shortcode\" data-id=\"b5451c1\" data-element_type=\"widget\" data-e-type=\"widget\" data-widget_type=\"shortcode.default\">\n\t\t\t\t<div class=\"elementor-widget-container\">\n\t\t\t\t\t\t\t<div class=\"elementor-shortcode\"><style id=\"wpforms-css-vars-68\">\n\t\t\t\t#wpforms-68 {\n\t\t\t\t\n\t\t\t}\n\t\t\t<\/style><div class=\"wpforms-container wpforms-container-full wpforms-render-modern\" id=\"wpforms-68\"><form id=\"wpforms-form-68\" class=\"wpforms-validate wpforms-form wpforms-ajax-form\" data-formid=\"68\" method=\"post\" enctype=\"multipart\/form-data\" action=\"\/en\/wp-json\/wp\/v2\/pages\/70\" data-token=\"7bfddcdde00d9f599d3033dcad830804\" data-token-time=\"1775549662\"><noscript class=\"wpforms-error-noscript\">Please enable JavaScript in your browser to complete this form.<\/noscript><div id=\"wpforms-error-noscript\" style=\"display: none;\">Please enable JavaScript in your browser to complete this form.<\/div><div class=\"wpforms-field-container\"><div id=\"wpforms-68-field_1-container\" class=\"wpforms-field wpforms-field-name\" data-field-id=\"1\"><label class=\"wpforms-field-label\" for=\"wpforms-68-field_1\">Name <span class=\"wpforms-required-label\" aria-hidden=\"true\">*<\/span><\/label><input type=\"text\" id=\"wpforms-68-field_1\" class=\"wpforms-field-medium wpforms-field-required\" name=\"wpforms[fields][1]\" aria-errormessage=\"wpforms-68-field_1-error\" required><\/div><div id=\"wpforms-68-field_2-container\" class=\"wpforms-field wpforms-field-email\" data-field-id=\"2\"><label class=\"wpforms-field-label\" for=\"wpforms-68-field_2\">E-Mail <span class=\"wpforms-required-label\" aria-hidden=\"true\">*<\/span><\/label><input type=\"email\" id=\"wpforms-68-field_2\" class=\"wpforms-field-medium wpforms-field-required\" name=\"wpforms[fields][2]\" spellcheck=\"false\" aria-errormessage=\"wpforms-68-field_2-error\" required><\/div>\t\t<div id=\"wpforms-68-field_5-container\"\n\t\t\tclass=\"wpforms-field wpforms-field-text\"\n\t\t\tdata-field-type=\"text\"\n\t\t\tdata-field-id=\"5\"\n\t\t\t>\n\t\t\t<label class=\"wpforms-field-label\" for=\"wpforms-68-field_5\" >Name GDPR-Vereinbarung E-Mail<\/label>\n\t\t\t<input type=\"text\" id=\"wpforms-68-field_5\" class=\"wpforms-field-medium\" name=\"wpforms[fields][5]\" >\n\t\t<\/div>\n\t\t<div id=\"wpforms-68-field_3-container\" class=\"wpforms-field wpforms-field-textarea\" data-field-id=\"3\"><label class=\"wpforms-field-label\" for=\"wpforms-68-field_3\">Nachricht <span class=\"wpforms-required-label\" aria-hidden=\"true\">*<\/span><\/label><textarea id=\"wpforms-68-field_3\" class=\"wpforms-field-medium wpforms-field-required\" name=\"wpforms[fields][3]\" aria-errormessage=\"wpforms-68-field_3-error\" required><\/textarea><\/div><div id=\"wpforms-68-field_4-container\" class=\"wpforms-field wpforms-field-gdpr-checkbox\" data-field-id=\"4\"><label class=\"wpforms-field-label wpforms-label-hide\" aria-hidden=\"false\">GDPR-Vereinbarung <span class=\"wpforms-required-label\" aria-hidden=\"true\">*<\/span><\/label><ul id=\"wpforms-68-field_4\" class=\"wpforms-field-required\"><li class=\"choice-1\"><input type=\"checkbox\" id=\"wpforms-68-field_4_1\" name=\"wpforms[fields][4][]\" value=\"Ich bin damit einverstanden, dass diese Website meine \u00fcbermittelten Informationen speichert, damit auf meine Anfrage reagiert werden kann.\" aria-errormessage=\"wpforms-68-field_4_1-error\" required ><label class=\"wpforms-field-label-inline\" for=\"wpforms-68-field_4_1\">Ich bin damit einverstanden, dass diese Website meine \u00fcbermittelten Informationen speichert, damit auf meine Anfrage reagiert werden kann. <span class=\"wpforms-required-label\" aria-hidden=\"true\">*<\/span><\/label><\/li><\/ul><\/div><script>\n\t\t\t\t( function() {\n\t\t\t\t\tconst style = document.createElement( 'style' );\n\t\t\t\t\tstyle.appendChild( document.createTextNode( '#wpforms-68-field_5-container { position: absolute !important; overflow: hidden !important; display: inline !important; height: 1px !important; width: 1px !important; z-index: -1000 !important; padding: 0 !important; } #wpforms-68-field_5-container input { visibility: hidden; } #wpforms-conversational-form-page #wpforms-68-field_5-container label { counter-increment: none; }' ) );\n\t\t\t\t\tdocument.head.appendChild( style );\n\t\t\t\t\tdocument.currentScript?.remove();\n\t\t\t\t} )();\n\t\t\t<\/script><\/div><!-- .wpforms-field-container --><div class=\"wpforms-submit-container\" ><input type=\"hidden\" name=\"wpforms[id]\" value=\"68\"><input type=\"hidden\" name=\"page_title\" value=\"\"><input type=\"hidden\" name=\"page_url\" value=\"https:\/\/www.hotalo-neefepark.de\/en\/wp-json\/wp\/v2\/pages\/70\"><input type=\"hidden\" name=\"url_referer\" value=\"\"><button type=\"submit\" name=\"wpforms[submit]\" id=\"wpforms-submit-68\" class=\"wpforms-submit\" aria-live=\"assertive\" value=\"wpforms-submit\">SENDEN<\/button><img decoding=\"async\" src=\"https:\/\/www.hotalo-neefepark.de\/wp-content\/plugins\/wpforms-lite\/assets\/images\/submit-spin.svg\" class=\"wpforms-submit-spinner\" style=\"display: none;\" width=\"26\" height=\"26\" alt=\"Loading\"><\/div><\/form><\/div>  <!-- .wpforms-container --><\/div>\n\t\t\t\t\t\t<\/div>\n\t\t\t\t<\/div>\n\t\t\t\t\t<\/div>\n\t\t<\/div>\n\t\t\t\t<div class=\"elementor-column elementor-col-25 elementor-top-column elementor-element elementor-element-78e5c94\" data-id=\"78e5c94\" data-element_type=\"column\" data-e-type=\"column\">\n\t\t\t<div class=\"elementor-widget-wrap\">\n\t\t\t\t\t\t\t<\/div>\n\t\t<\/div>\n\t\t\t\t<div class=\"elementor-column elementor-col-25 elementor-top-column elementor-element elementor-element-68d7acc\" data-id=\"68d7acc\" data-element_type=\"column\" data-e-type=\"column\">\n\t\t\t<div class=\"elementor-widget-wrap elementor-element-populated\">\n\t\t\t\t\t\t<div class=\"elementor-element elementor-element-657f737 elementor-widget elementor-widget-heading\" data-id=\"657f737\" data-element_type=\"widget\" data-e-type=\"widget\" data-widget_type=\"heading.default\">\n\t\t\t\t<div class=\"elementor-widget-container\">\n\t\t\t\t\t<h2 class=\"elementor-heading-title elementor-size-default\">Adresse<\/h2>\t\t\t\t<\/div>\n\t\t\t\t<\/div>\n\t\t\t\t<div class=\"elementor-element elementor-element-82ede82 elementor-widget elementor-widget-text-editor\" data-id=\"82ede82\" data-element_type=\"widget\" data-e-type=\"widget\" data-widget_type=\"text-editor.default\">\n\t\t\t\t<div class=\"elementor-widget-container\">\n\t\t\t\t\t\t\t\t\t<p>Im Neefepark 3 (Im Einkaufszentrum)<br \/>09116 Chemnitz<br \/><br \/><\/p><p>Tel:\u00a0<a href=\"http:\/\/tel:+491713270647\">+49 171 3270647<\/a><br \/>E-Mail: <a href=\"mailto:hotalo.neefepark@gmail.com\">hotalo.neefepark@gmail.com<\/a><\/p>\t\t\t\t\t\t\t\t<\/div>\n\t\t\t\t<\/div>\n\t\t\t\t<div class=\"elementor-element elementor-element-962ec3a elementor-widget elementor-widget-html\" data-id=\"962ec3a\" data-element_type=\"widget\" data-e-type=\"widget\" data-widget_type=\"html.default\">\n\t\t\t\t<div class=\"elementor-widget-container\">\n\t\t\t\t\t<iframe src=\"https:\/\/www.google.com\/maps\/embed?pb=!1m14!1m8!1m3!1d5042.845681336305!2d12.860539000000001!3d50.804804!3m2!1i1024!2i768!4f13.1!3m3!1m2!1s0x47a747bd7ee1d799%3A0x4c4e558467d5a6c!2sHOTALO%20-%20Vietnamese%20Street%20Food!5e0!3m2!1sde!2sus!4v1730922154566!5m2!1sde!2sus\" width=\"350\" height=\"350\" style=\"border:0;\" allowfullscreen=\"\" loading=\"lazy\" referrerpolicy=\"no-referrer-when-downgrade\"><\/iframe>\t\t\t\t<\/div>\n\t\t\t\t<\/div>\n\t\t\t\t<div class=\"elementor-element elementor-element-4653a98 elementor-widget elementor-widget-spacer\" data-id=\"4653a98\" data-element_type=\"widget\" data-e-type=\"widget\" data-widget_type=\"spacer.default\">\n\t\t\t\t<div class=\"elementor-widget-container\">\n\t\t\t\t\t\t\t<div class=\"elementor-spacer\">\n\t\t\t<div class=\"elementor-spacer-inner\"><\/div>\n\t\t<\/div>\n\t\t\t\t\t\t<\/div>\n\t\t\t\t<\/div>\n\t\t\t\t\t<\/div>\n\t\t<\/div>\n\t\t\t\t\t<\/div>\n\t\t<\/section>\n\t\t\t\t<\/div>\n\t\t","protected":false},"excerpt":{"rendered":"<p>Wir sind hier, um zu helfen! Egal, ob du Fragen zu unserer Speisekarte hast oder Unterst\u00fctzung ben\u00f6tigst, unser Team steht [&hellip;]<\/p>\n","protected":false},"author":2,"featured_media":0,"parent":0,"menu_order":0,"comment_status":"closed","ping_status":"closed","template":"","meta":{"site-sidebar-layout":"default","site-content-layout":"","ast-site-content-layout":"default","site-content-style":"default","site-sidebar-style":"default","ast-global-header-display":"","ast-banner-title-visibility":"","ast-main-header-display":"","ast-hfb-above-header-display":"","ast-hfb-below-header-display":"","ast-hfb-mobile-header-display":"","site-post-title":"","ast-breadcrumbs-content":"","ast-featured-img":"","footer-sml-layout":"","ast-disable-related-posts":"","theme-transparent-header-meta":"default","adv-header-id-meta":"","stick-header-meta":"","header-above-stick-meta":"","header-main-stick-meta":"","header-below-stick-meta":"","astra-migrate-meta-layouts":"set","ast-page-background-enabled":"default","ast-page-background-meta":{"desktop":{"background-color":"var(--ast-global-color-4)","background-image":"","background-repeat":"repeat","background-position":"center center","background-size":"auto","background-attachment":"scroll","background-type":"","background-media":"","overlay-type":"","overlay-color":"","overlay-opacity":"","overlay-gradient":""},"tablet":{"background-color":"","background-image":"","background-repeat":"repeat","background-position":"center center","background-size":"auto","background-attachment":"scroll","background-type":"","background-media":"","overlay-type":"","overlay-color":"","overlay-opacity":"","overlay-gradient":""},"mobile":{"background-color":"","background-image":"","background-repeat":"repeat","background-position":"center center","background-size":"auto","background-attachment":"scroll","background-type":"","background-media":"","overlay-type":"","overlay-color":"","overlay-opacity":"","overlay-gradient":""}},"ast-content-background-meta":{"desktop":{"background-color":"var(--ast-global-color-5)","background-image":"","background-repeat":"repeat","background-position":"center center","background-size":"auto","background-attachment":"scroll","background-type":"","background-media":"","overlay-type":"","overlay-color":"","overlay-opacity":"","overlay-gradient":""},"tablet":{"background-color":"var(--ast-global-color-5)","background-image":"","background-repeat":"repeat","background-position":"center center","background-size":"auto","background-attachment":"scroll","background-type":"","background-media":"","overlay-type":"","overlay-color":"","overlay-opacity":"","overlay-gradient":""},"mobile":{"background-color":"var(--ast-global-color-5)","background-image":"","background-repeat":"repeat","background-position":"center center","background-size":"auto","background-attachment":"scroll","background-type":"","background-media":"","overlay-type":"","overlay-color":"","overlay-opacity":"","overlay-gradient":""}},"footnotes":""},"class_list":["post-70","page","type-page","status-publish","hentry"],"yoast_head":"<!-- This site is optimized with the Yoast SEO plugin v27.3 - https:\/\/yoast.com\/product\/yoast-seo-wordpress\/ -->\n<title>Kontakt | Hotalo Vietnamese Street Food<\/title>\n<meta name=\"description\" content=\"Kontaktiere uns bei Hotalo Vietnamese Street Food in Chemnitz f\u00fcr Anfragen oder Feedback. Wir freuen uns auf deine Nachricht!\" \/>\n<meta name=\"robots\" content=\"index, follow, max-snippet:-1, max-image-preview:large, max-video-preview:-1\" \/>\n<link rel=\"canonical\" href=\"https:\/\/www.hotalo-neefepark.de\/en\/kontakt\/\" \/>\n<meta property=\"og:locale\" content=\"en_GB\" \/>\n<meta property=\"og:type\" content=\"article\" \/>\n<meta property=\"og:title\" content=\"Kontakt | Hotalo Vietnamese Street Food\" \/>\n<meta property=\"og:description\" content=\"Kontaktiere uns bei Hotalo Vietnamese Street Food in Chemnitz f\u00fcr Anfragen oder Feedback. Wir freuen uns auf deine Nachricht!\" \/>\n<meta property=\"og:url\" content=\"https:\/\/www.hotalo-neefepark.de\/en\/kontakt\/\" \/>\n<meta property=\"og:site_name\" content=\"Hotalo Vietnamese Street Food\" \/>\n<meta property=\"article:publisher\" content=\"https:\/\/www.facebook.com\/people\/Hotalo-Vietnamese-Street-Food\/61568273510672\/\" \/>\n<meta property=\"article:modified_time\" content=\"2024-11-09T21:44:09+00:00\" \/>\n<meta property=\"og:image\" content=\"https:\/\/www.hotalo-neefepark.de\/wp-content\/uploads\/hotalo-vietnamese-street-food-og.jpg\" \/>\n\t<meta property=\"og:image:width\" content=\"1920\" \/>\n\t<meta property=\"og:image:height\" content=\"1080\" \/>\n\t<meta property=\"og:image:type\" content=\"image\/jpeg\" \/>\n<meta name=\"twitter:card\" content=\"summary_large_image\" \/>\n<meta name=\"twitter:title\" content=\"Kontakt | Hotalo Vietnamese Street Food\" \/>\n<meta name=\"twitter:description\" content=\"Kontaktiere uns bei Hotalo Vietnamese Street Food in Chemnitz f\u00fcr Anfragen oder Feedback. Wir freuen uns auf deine Nachricht!\" \/>\n<meta name=\"twitter:image\" content=\"https:\/\/www.hotalo-neefepark.de\/wp-content\/uploads\/hotalo-vietnamese-street-food-og.jpg\" \/>\n<script type=\"application\/ld+json\" class=\"yoast-schema-graph\">{\"@context\":\"https:\\\/\\\/schema.org\",\"@graph\":[{\"@type\":[\"WebPage\",\"ContactPage\"],\"@id\":\"https:\\\/\\\/www.hotalo-neefepark.de\\\/kontakt\\\/\",\"url\":\"https:\\\/\\\/www.hotalo-neefepark.de\\\/kontakt\\\/\",\"name\":\"Kontakt | Hotalo Vietnamese Street Food\",\"isPartOf\":{\"@id\":\"https:\\\/\\\/www.hotalo-neefepark.de\\\/#website\"},\"datePublished\":\"2024-10-31T02:08:15+00:00\",\"dateModified\":\"2024-11-09T21:44:09+00:00\",\"description\":\"Kontaktiere uns bei Hotalo Vietnamese Street Food in Chemnitz f\u00fcr Anfragen oder Feedback. Wir freuen uns auf deine Nachricht!\",\"breadcrumb\":{\"@id\":\"https:\\\/\\\/www.hotalo-neefepark.de\\\/kontakt\\\/#breadcrumb\"},\"inLanguage\":\"en-GB\",\"potentialAction\":[{\"@type\":\"ReadAction\",\"target\":[\"https:\\\/\\\/www.hotalo-neefepark.de\\\/kontakt\\\/\"]}]},{\"@type\":\"BreadcrumbList\",\"@id\":\"https:\\\/\\\/www.hotalo-neefepark.de\\\/kontakt\\\/#breadcrumb\",\"itemListElement\":[{\"@type\":\"ListItem\",\"position\":1,\"name\":\"Home\",\"item\":\"https:\\\/\\\/www.hotalo-neefepark.de\\\/\"},{\"@type\":\"ListItem\",\"position\":2,\"name\":\"Kontakt\"}]},{\"@type\":\"WebSite\",\"@id\":\"https:\\\/\\\/www.hotalo-neefepark.de\\\/#website\",\"url\":\"https:\\\/\\\/www.hotalo-neefepark.de\\\/\",\"name\":\"Hotalo Vietnamese Street Food\",\"description\":\"\",\"publisher\":{\"@id\":\"https:\\\/\\\/www.hotalo-neefepark.de\\\/#organization\"},\"potentialAction\":[{\"@type\":\"SearchAction\",\"target\":{\"@type\":\"EntryPoint\",\"urlTemplate\":\"https:\\\/\\\/www.hotalo-neefepark.de\\\/?s={search_term_string}\"},\"query-input\":{\"@type\":\"PropertyValueSpecification\",\"valueRequired\":true,\"valueName\":\"search_term_string\"}}],\"inLanguage\":\"en-GB\"},{\"@type\":\"Organization\",\"@id\":\"https:\\\/\\\/www.hotalo-neefepark.de\\\/#organization\",\"name\":\"Hotalo Vietnamese Street Food\",\"url\":\"https:\\\/\\\/www.hotalo-neefepark.de\\\/\",\"logo\":{\"@type\":\"ImageObject\",\"inLanguage\":\"en-GB\",\"@id\":\"https:\\\/\\\/www.hotalo-neefepark.de\\\/#\\\/schema\\\/logo\\\/image\\\/\",\"url\":\"https:\\\/\\\/www.hotalo-neefepark.de\\\/wp-content\\\/uploads\\\/favicon.ico\",\"contentUrl\":\"https:\\\/\\\/www.hotalo-neefepark.de\\\/wp-content\\\/uploads\\\/favicon.ico\",\"width\":256,\"height\":256,\"caption\":\"Hotalo Vietnamese Street Food\"},\"image\":{\"@id\":\"https:\\\/\\\/www.hotalo-neefepark.de\\\/#\\\/schema\\\/logo\\\/image\\\/\"},\"sameAs\":[\"https:\\\/\\\/www.facebook.com\\\/people\\\/Hotalo-Vietnamese-Street-Food\\\/61568273510672\\\/\",\"https:\\\/\\\/www.instagram.com\\\/hotalo_neefepark\\\/\"]}]}<\/script>\n<!-- \/ Yoast SEO plugin. -->","yoast_head_json":{"title":"Kontakt | Hotalo Vietnamese Street Food","description":"Kontaktiere uns bei Hotalo Vietnamese Street Food in Chemnitz f\u00fcr Anfragen oder Feedback. Wir freuen uns auf deine Nachricht!","robots":{"index":"index","follow":"follow","max-snippet":"max-snippet:-1","max-image-preview":"max-image-preview:large","max-video-preview":"max-video-preview:-1"},"canonical":"https:\/\/www.hotalo-neefepark.de\/en\/kontakt\/","og_locale":"en_GB","og_type":"article","og_title":"Kontakt | Hotalo Vietnamese Street Food","og_description":"Kontaktiere uns bei Hotalo Vietnamese Street Food in Chemnitz f\u00fcr Anfragen oder Feedback. Wir freuen uns auf deine Nachricht!","og_url":"https:\/\/www.hotalo-neefepark.de\/en\/kontakt\/","og_site_name":"Hotalo Vietnamese Street Food","article_publisher":"https:\/\/www.facebook.com\/people\/Hotalo-Vietnamese-Street-Food\/61568273510672\/","article_modified_time":"2024-11-09T21:44:09+00:00","og_image":[{"width":1920,"height":1080,"url":"https:\/\/www.hotalo-neefepark.de\/wp-content\/uploads\/hotalo-vietnamese-street-food-og.jpg","type":"image\/jpeg"}],"twitter_card":"summary_large_image","twitter_title":"Kontakt | Hotalo Vietnamese Street Food","twitter_description":"Kontaktiere uns bei Hotalo Vietnamese Street Food in Chemnitz f\u00fcr Anfragen oder Feedback. Wir freuen uns auf deine Nachricht!","twitter_image":"https:\/\/www.hotalo-neefepark.de\/wp-content\/uploads\/hotalo-vietnamese-street-food-og.jpg","schema":{"@context":"https:\/\/schema.org","@graph":[{"@type":["WebPage","ContactPage"],"@id":"https:\/\/www.hotalo-neefepark.de\/kontakt\/","url":"https:\/\/www.hotalo-neefepark.de\/kontakt\/","name":"Kontakt | Hotalo Vietnamese Street Food","isPartOf":{"@id":"https:\/\/www.hotalo-neefepark.de\/#website"},"datePublished":"2024-10-31T02:08:15+00:00","dateModified":"2024-11-09T21:44:09+00:00","description":"Kontaktiere uns bei Hotalo Vietnamese Street Food in Chemnitz f\u00fcr Anfragen oder Feedback. Wir freuen uns auf deine Nachricht!","breadcrumb":{"@id":"https:\/\/www.hotalo-neefepark.de\/kontakt\/#breadcrumb"},"inLanguage":"en-GB","potentialAction":[{"@type":"ReadAction","target":["https:\/\/www.hotalo-neefepark.de\/kontakt\/"]}]},{"@type":"BreadcrumbList","@id":"https:\/\/www.hotalo-neefepark.de\/kontakt\/#breadcrumb","itemListElement":[{"@type":"ListItem","position":1,"name":"Home","item":"https:\/\/www.hotalo-neefepark.de\/"},{"@type":"ListItem","position":2,"name":"Kontakt"}]},{"@type":"WebSite","@id":"https:\/\/www.hotalo-neefepark.de\/#website","url":"https:\/\/www.hotalo-neefepark.de\/","name":"Hotalo Vietnamese Street Food","description":"","publisher":{"@id":"https:\/\/www.hotalo-neefepark.de\/#organization"},"potentialAction":[{"@type":"SearchAction","target":{"@type":"EntryPoint","urlTemplate":"https:\/\/www.hotalo-neefepark.de\/?s={search_term_string}"},"query-input":{"@type":"PropertyValueSpecification","valueRequired":true,"valueName":"search_term_string"}}],"inLanguage":"en-GB"},{"@type":"Organization","@id":"https:\/\/www.hotalo-neefepark.de\/#organization","name":"Hotalo Vietnamese Street Food","url":"https:\/\/www.hotalo-neefepark.de\/","logo":{"@type":"ImageObject","inLanguage":"en-GB","@id":"https:\/\/www.hotalo-neefepark.de\/#\/schema\/logo\/image\/","url":"https:\/\/www.hotalo-neefepark.de\/wp-content\/uploads\/favicon.ico","contentUrl":"https:\/\/www.hotalo-neefepark.de\/wp-content\/uploads\/favicon.ico","width":256,"height":256,"caption":"Hotalo Vietnamese Street Food"},"image":{"@id":"https:\/\/www.hotalo-neefepark.de\/#\/schema\/logo\/image\/"},"sameAs":["https:\/\/www.facebook.com\/people\/Hotalo-Vietnamese-Street-Food\/61568273510672\/","https:\/\/www.instagram.com\/hotalo_neefepark\/"]}]}},"_links":{"self":[{"href":"https:\/\/www.hotalo-neefepark.de\/en\/wp-json\/wp\/v2\/pages\/70","targetHints":{"allow":["GET"]}}],"collection":[{"href":"https:\/\/www.hotalo-neefepark.de\/en\/wp-json\/wp\/v2\/pages"}],"about":[{"href":"https:\/\/www.hotalo-neefepark.de\/en\/wp-json\/wp\/v2\/types\/page"}],"author":[{"embeddable":true,"href":"https:\/\/www.hotalo-neefepark.de\/en\/wp-json\/wp\/v2\/users\/2"}],"replies":[{"embeddable":true,"href":"https:\/\/www.hotalo-neefepark.de\/en\/wp-json\/wp\/v2\/comments?post=70"}],"version-history":[{"count":38,"href":"https:\/\/www.hotalo-neefepark.de\/en\/wp-json\/wp\/v2\/pages\/70\/revisions"}],"predecessor-version":[{"id":1040,"href":"https:\/\/www.hotalo-neefepark.de\/en\/wp-json\/wp\/v2\/pages\/70\/revisions\/1040"}],"wp:attachment":[{"href":"https:\/\/www.hotalo-neefepark.de\/en\/wp-json\/wp\/v2\/media?parent=70"}],"curies":[{"name":"wp","href":"https:\/\/api.w.org\/{rel}","templated":true}]}}