{"id":756,"date":"2024-11-05T04:18:57","date_gmt":"2024-11-05T03:18:57","guid":{"rendered":"https:\/\/www.hotalo-neefepark.de\/?page_id=756"},"modified":"2024-11-09T22:43:32","modified_gmt":"2024-11-09T21:43:32","slug":"ueber-uns","status":"publish","type":"page","link":"https:\/\/www.hotalo-neefepark.de\/en\/ueber-uns\/","title":{"rendered":"About Us"},"content":{"rendered":"<div data-elementor-type=\"wp-page\" data-elementor-id=\"756\" class=\"elementor elementor-756\">\n\t\t\t\t\t\t<section class=\"elementor-section elementor-top-section elementor-element elementor-element-33e787c elementor-section-full_width elementor-section-height-default elementor-section-height-default\" data-id=\"33e787c\" data-element_type=\"section\" data-e-type=\"section\">\n\t\t\t\t\t\t<div class=\"elementor-container elementor-column-gap-default\">\n\t\t\t\t\t<div class=\"elementor-column elementor-col-100 elementor-top-column elementor-element elementor-element-3ef2aef\" data-id=\"3ef2aef\" data-element_type=\"column\" data-e-type=\"column\">\n\t\t\t<div class=\"elementor-widget-wrap elementor-element-populated\">\n\t\t\t\t\t\t<div class=\"elementor-element elementor-element-c25ca37 elementor-widget elementor-widget-text-editor\" data-id=\"c25ca37\" data-element_type=\"widget\" data-e-type=\"widget\" data-widget_type=\"text-editor.default\">\n\t\t\t\t<div class=\"elementor-widget-container\">\n\t\t\t\t\t\t\t\t\t<p><img fetchpriority=\"high\" decoding=\"async\" class=\"alignright wp-image-856 size-full\" src=\"https:\/\/www.hotalo-neefepark.de\/wp-content\/uploads\/speisekarte.jpg\" alt=\"\" width=\"400\" height=\"300\" srcset=\"https:\/\/www.hotalo-neefepark.de\/wp-content\/uploads\/speisekarte.jpg 400w, https:\/\/www.hotalo-neefepark.de\/wp-content\/uploads\/speisekarte-300x225.jpg 300w, https:\/\/www.hotalo-neefepark.de\/wp-content\/uploads\/speisekarte-16x12.jpg 16w\" sizes=\"(max-width: 400px) 100vw, 400px\" \/>Welcome to Hotalo Vietnamese Street Food, where our passion for authentic Vietnamese cuisine meets the need for fast, fresh, and healthy meals! At Hotalo, we believe that you can enjoy delicious food without compromising on quality or nutrition. That\u2019s why we take great care in preparing each meal and use only the freshest ingredients to create vibrant, flavourful dishes that nourish both body and soul.<br \/><br \/><\/p><p>Our goal is simple: to provide you with quick and satisfying meals that fit seamlessly into your busy lifestyle. Whether you\u2019re rushing to work, taking a break between classes, or just looking to enjoy a delicious bite, Hotalo is here to serve you. With our efficient service and a menu full of healthy options, you can enjoy the vibrant flavours of Vietnam without long wait times.<br \/><br \/><\/p><p><img decoding=\"async\" class=\"alignleft wp-image-855 size-full\" src=\"https:\/\/www.hotalo-neefepark.de\/wp-content\/uploads\/esszimmer.jpg\" alt=\"\" width=\"400\" height=\"300\" srcset=\"https:\/\/www.hotalo-neefepark.de\/wp-content\/uploads\/esszimmer.jpg 400w, https:\/\/www.hotalo-neefepark.de\/wp-content\/uploads\/esszimmer-300x225.jpg 300w, https:\/\/www.hotalo-neefepark.de\/wp-content\/uploads\/esszimmer-16x12.jpg 16w\" sizes=\"(max-width: 400px) 100vw, 400px\" \/>From hearty pho to crispy summer rolls, our menu showcases the best of Vietnamese street food, all freshly prepared and full of flavour. We are committed to ensuring that every dish is not only quick but also prepared with the utmost care for your health and well-being.<br \/><br \/><\/p><p>So, the next time you're short on time but still crave a meal that delights your taste buds, remember that Hotalo Vietnamese Street Food is here for you.<br \/><br \/><\/p><p>Visit us at the Neefepark Chemnitz shopping centre and experience the perfect combination of speed, freshness, and health in every bite!<\/p>\t\t\t\t\t\t\t\t<\/div>\n\t\t\t\t<\/div>\n\t\t\t\t<div class=\"elementor-element elementor-element-e985de3 elementor-widget elementor-widget-spacer\" data-id=\"e985de3\" data-element_type=\"widget\" data-e-type=\"widget\" data-widget_type=\"spacer.default\">\n\t\t\t\t<div class=\"elementor-widget-container\">\n\t\t\t\t\t\t\t<div class=\"elementor-spacer\">\n\t\t\t<div class=\"elementor-spacer-inner\"><\/div>\n\t\t<\/div>\n\t\t\t\t\t\t<\/div>\n\t\t\t\t<\/div>\n\t\t\t\t\t<\/div>\n\t\t<\/div>\n\t\t\t\t\t<\/div>\n\t\t<\/section>\n\t\t\t\t<\/div>","protected":false},"excerpt":{"rendered":"<p>Willkommen bei Hotalo Vietnamese Street Food, wo unsere Leidenschaft f\u00fcr authentische vietnamesische K\u00fcche auf den Bedarf nach schnellen, frischen und [&hellip;]<\/p>\n","protected":false},"author":2,"featured_media":0,"parent":0,"menu_order":0,"comment_status":"closed","ping_status":"closed","template":"","meta":{"site-sidebar-layout":"default","site-content-layout":"","ast-site-content-layout":"default","site-content-style":"default","site-sidebar-style":"default","ast-global-header-display":"","ast-banner-title-visibility":"","ast-main-header-display":"","ast-hfb-above-header-display":"","ast-hfb-below-header-display":"","ast-hfb-mobile-header-display":"","site-post-title":"","ast-breadcrumbs-content":"","ast-featured-img":"","footer-sml-layout":"","ast-disable-related-posts":"","theme-transparent-header-meta":"","adv-header-id-meta":"","stick-header-meta":"","header-above-stick-meta":"","header-main-stick-meta":"","header-below-stick-meta":"","astra-migrate-meta-layouts":"default","ast-page-background-enabled":"default","ast-page-background-meta":{"desktop":{"background-color":"var(--ast-global-color-4)","background-image":"","background-repeat":"repeat","background-position":"center center","background-size":"auto","background-attachment":"scroll","background-type":"","background-media":"","overlay-type":"","overlay-color":"","overlay-opacity":"","overlay-gradient":""},"tablet":{"background-color":"","background-image":"","background-repeat":"repeat","background-position":"center center","background-size":"auto","background-attachment":"scroll","background-type":"","background-media":"","overlay-type":"","overlay-color":"","overlay-opacity":"","overlay-gradient":""},"mobile":{"background-color":"","background-image":"","background-repeat":"repeat","background-position":"center center","background-size":"auto","background-attachment":"scroll","background-type":"","background-media":"","overlay-type":"","overlay-color":"","overlay-opacity":"","overlay-gradient":""}},"ast-content-background-meta":{"desktop":{"background-color":"var(--ast-global-color-5)","background-image":"","background-repeat":"repeat","background-position":"center center","background-size":"auto","background-attachment":"scroll","background-type":"","background-media":"","overlay-type":"","overlay-color":"","overlay-opacity":"","overlay-gradient":""},"tablet":{"background-color":"var(--ast-global-color-5)","background-image":"","background-repeat":"repeat","background-position":"center center","background-size":"auto","background-attachment":"scroll","background-type":"","background-media":"","overlay-type":"","overlay-color":"","overlay-opacity":"","overlay-gradient":""},"mobile":{"background-color":"var(--ast-global-color-5)","background-image":"","background-repeat":"repeat","background-position":"center center","background-size":"auto","background-attachment":"scroll","background-type":"","background-media":"","overlay-type":"","overlay-color":"","overlay-opacity":"","overlay-gradient":""}},"footnotes":""},"class_list":["post-756","page","type-page","status-publish","hentry"],"yoast_head":"<!-- This site is optimized with the Yoast SEO plugin v27.3 - https:\/\/yoast.com\/product\/yoast-seo-wordpress\/ -->\n<title>\u00dcber uns | Hotalo Vietnamese Street Food<\/title>\n<meta name=\"description\" content=\"Erfahre mehr \u00fcber Hotalo Vietnamese Street Food in Chemnitz und unsere Leidenschaft f\u00fcr authentische vietnamesische K\u00fcche.\" \/>\n<meta name=\"robots\" content=\"index, follow, max-snippet:-1, max-image-preview:large, max-video-preview:-1\" \/>\n<link rel=\"canonical\" href=\"https:\/\/www.hotalo-neefepark.de\/en\/ueber-uns\/\" \/>\n<meta property=\"og:locale\" content=\"en_GB\" \/>\n<meta property=\"og:type\" content=\"article\" \/>\n<meta property=\"og:title\" content=\"\u00dcber uns | Hotalo Vietnamese Street Food\" \/>\n<meta property=\"og:description\" content=\"Erfahre mehr \u00fcber Hotalo Vietnamese Street Food in Chemnitz und unsere Leidenschaft f\u00fcr authentische vietnamesische K\u00fcche.\" \/>\n<meta property=\"og:url\" content=\"https:\/\/www.hotalo-neefepark.de\/en\/ueber-uns\/\" \/>\n<meta property=\"og:site_name\" content=\"Hotalo Vietnamese Street Food\" \/>\n<meta property=\"article:publisher\" content=\"https:\/\/www.facebook.com\/people\/Hotalo-Vietnamese-Street-Food\/61568273510672\/\" \/>\n<meta property=\"article:modified_time\" content=\"2024-11-09T21:43:32+00:00\" \/>\n<meta property=\"og:image\" content=\"https:\/\/www.hotalo-neefepark.de\/wp-content\/uploads\/hotalo-vietnamese-street-food-og.jpg\" \/>\n\t<meta property=\"og:image:width\" content=\"1920\" \/>\n\t<meta property=\"og:image:height\" content=\"1080\" \/>\n\t<meta property=\"og:image:type\" content=\"image\/jpeg\" \/>\n<meta name=\"twitter:card\" content=\"summary_large_image\" \/>\n<meta name=\"twitter:title\" content=\"\u00dcber uns | Hotalo Vietnamese Street Food\" \/>\n<meta name=\"twitter:description\" content=\"Erfahre mehr \u00fcber Hotalo Vietnamese Street Food in Chemnitz und unsere Leidenschaft f\u00fcr authentische vietnamesische K\u00fcche.\" \/>\n<meta name=\"twitter:image\" content=\"https:\/\/www.hotalo-neefepark.de\/wp-content\/uploads\/hotalo-vietnamese-street-food-og.jpg\" \/>\n<script type=\"application\/ld+json\" class=\"yoast-schema-graph\">{\"@context\":\"https:\\\/\\\/schema.org\",\"@graph\":[{\"@type\":[\"WebPage\",\"AboutPage\"],\"@id\":\"https:\\\/\\\/www.hotalo-neefepark.de\\\/ueber-uns\\\/\",\"url\":\"https:\\\/\\\/www.hotalo-neefepark.de\\\/ueber-uns\\\/\",\"name\":\"\u00dcber uns | Hotalo Vietnamese Street Food\",\"isPartOf\":{\"@id\":\"https:\\\/\\\/www.hotalo-neefepark.de\\\/#website\"},\"primaryImageOfPage\":{\"@id\":\"https:\\\/\\\/www.hotalo-neefepark.de\\\/ueber-uns\\\/#primaryimage\"},\"image\":{\"@id\":\"https:\\\/\\\/www.hotalo-neefepark.de\\\/ueber-uns\\\/#primaryimage\"},\"thumbnailUrl\":\"https:\\\/\\\/www.hotalo-neefepark.de\\\/wp-content\\\/uploads\\\/speisekarte.jpg\",\"datePublished\":\"2024-11-05T03:18:57+00:00\",\"dateModified\":\"2024-11-09T21:43:32+00:00\",\"description\":\"Erfahre mehr \u00fcber Hotalo Vietnamese Street Food in Chemnitz und unsere Leidenschaft f\u00fcr authentische vietnamesische K\u00fcche.\",\"breadcrumb\":{\"@id\":\"https:\\\/\\\/www.hotalo-neefepark.de\\\/ueber-uns\\\/#breadcrumb\"},\"inLanguage\":\"en-GB\",\"potentialAction\":[{\"@type\":\"ReadAction\",\"target\":[\"https:\\\/\\\/www.hotalo-neefepark.de\\\/ueber-uns\\\/\"]}]},{\"@type\":\"ImageObject\",\"inLanguage\":\"en-GB\",\"@id\":\"https:\\\/\\\/www.hotalo-neefepark.de\\\/ueber-uns\\\/#primaryimage\",\"url\":\"https:\\\/\\\/www.hotalo-neefepark.de\\\/wp-content\\\/uploads\\\/speisekarte.jpg\",\"contentUrl\":\"https:\\\/\\\/www.hotalo-neefepark.de\\\/wp-content\\\/uploads\\\/speisekarte.jpg\"},{\"@type\":\"BreadcrumbList\",\"@id\":\"https:\\\/\\\/www.hotalo-neefepark.de\\\/ueber-uns\\\/#breadcrumb\",\"itemListElement\":[{\"@type\":\"ListItem\",\"position\":1,\"name\":\"Home\",\"item\":\"https:\\\/\\\/www.hotalo-neefepark.de\\\/\"},{\"@type\":\"ListItem\",\"position\":2,\"name\":\"\u00dcber uns\"}]},{\"@type\":\"WebSite\",\"@id\":\"https:\\\/\\\/www.hotalo-neefepark.de\\\/#website\",\"url\":\"https:\\\/\\\/www.hotalo-neefepark.de\\\/\",\"name\":\"Hotalo Vietnamese Street Food\",\"description\":\"\",\"publisher\":{\"@id\":\"https:\\\/\\\/www.hotalo-neefepark.de\\\/#organization\"},\"potentialAction\":[{\"@type\":\"SearchAction\",\"target\":{\"@type\":\"EntryPoint\",\"urlTemplate\":\"https:\\\/\\\/www.hotalo-neefepark.de\\\/?s={search_term_string}\"},\"query-input\":{\"@type\":\"PropertyValueSpecification\",\"valueRequired\":true,\"valueName\":\"search_term_string\"}}],\"inLanguage\":\"en-GB\"},{\"@type\":\"Organization\",\"@id\":\"https:\\\/\\\/www.hotalo-neefepark.de\\\/#organization\",\"name\":\"Hotalo Vietnamese Street Food\",\"url\":\"https:\\\/\\\/www.hotalo-neefepark.de\\\/\",\"logo\":{\"@type\":\"ImageObject\",\"inLanguage\":\"en-GB\",\"@id\":\"https:\\\/\\\/www.hotalo-neefepark.de\\\/#\\\/schema\\\/logo\\\/image\\\/\",\"url\":\"https:\\\/\\\/www.hotalo-neefepark.de\\\/wp-content\\\/uploads\\\/favicon.ico\",\"contentUrl\":\"https:\\\/\\\/www.hotalo-neefepark.de\\\/wp-content\\\/uploads\\\/favicon.ico\",\"width\":256,\"height\":256,\"caption\":\"Hotalo Vietnamese Street Food\"},\"image\":{\"@id\":\"https:\\\/\\\/www.hotalo-neefepark.de\\\/#\\\/schema\\\/logo\\\/image\\\/\"},\"sameAs\":[\"https:\\\/\\\/www.facebook.com\\\/people\\\/Hotalo-Vietnamese-Street-Food\\\/61568273510672\\\/\",\"https:\\\/\\\/www.instagram.com\\\/hotalo_neefepark\\\/\"]}]}<\/script>\n<!-- \/ Yoast SEO plugin. -->","yoast_head_json":{"title":"\u00dcber uns | Hotalo Vietnamese Street Food","description":"Erfahre mehr \u00fcber Hotalo Vietnamese Street Food in Chemnitz und unsere Leidenschaft f\u00fcr authentische vietnamesische K\u00fcche.","robots":{"index":"index","follow":"follow","max-snippet":"max-snippet:-1","max-image-preview":"max-image-preview:large","max-video-preview":"max-video-preview:-1"},"canonical":"https:\/\/www.hotalo-neefepark.de\/en\/ueber-uns\/","og_locale":"en_GB","og_type":"article","og_title":"\u00dcber uns | Hotalo Vietnamese Street Food","og_description":"Erfahre mehr \u00fcber Hotalo Vietnamese Street Food in Chemnitz und unsere Leidenschaft f\u00fcr authentische vietnamesische K\u00fcche.","og_url":"https:\/\/www.hotalo-neefepark.de\/en\/ueber-uns\/","og_site_name":"Hotalo Vietnamese Street Food","article_publisher":"https:\/\/www.facebook.com\/people\/Hotalo-Vietnamese-Street-Food\/61568273510672\/","article_modified_time":"2024-11-09T21:43:32+00:00","og_image":[{"width":1920,"height":1080,"url":"https:\/\/www.hotalo-neefepark.de\/wp-content\/uploads\/hotalo-vietnamese-street-food-og.jpg","type":"image\/jpeg"}],"twitter_card":"summary_large_image","twitter_title":"\u00dcber uns | Hotalo Vietnamese Street Food","twitter_description":"Erfahre mehr \u00fcber Hotalo Vietnamese Street Food in Chemnitz und unsere Leidenschaft f\u00fcr authentische vietnamesische K\u00fcche.","twitter_image":"https:\/\/www.hotalo-neefepark.de\/wp-content\/uploads\/hotalo-vietnamese-street-food-og.jpg","schema":{"@context":"https:\/\/schema.org","@graph":[{"@type":["WebPage","AboutPage"],"@id":"https:\/\/www.hotalo-neefepark.de\/ueber-uns\/","url":"https:\/\/www.hotalo-neefepark.de\/ueber-uns\/","name":"\u00dcber uns | Hotalo Vietnamese Street Food","isPartOf":{"@id":"https:\/\/www.hotalo-neefepark.de\/#website"},"primaryImageOfPage":{"@id":"https:\/\/www.hotalo-neefepark.de\/ueber-uns\/#primaryimage"},"image":{"@id":"https:\/\/www.hotalo-neefepark.de\/ueber-uns\/#primaryimage"},"thumbnailUrl":"https:\/\/www.hotalo-neefepark.de\/wp-content\/uploads\/speisekarte.jpg","datePublished":"2024-11-05T03:18:57+00:00","dateModified":"2024-11-09T21:43:32+00:00","description":"Erfahre mehr \u00fcber Hotalo Vietnamese Street Food in Chemnitz und unsere Leidenschaft f\u00fcr authentische vietnamesische K\u00fcche.","breadcrumb":{"@id":"https:\/\/www.hotalo-neefepark.de\/ueber-uns\/#breadcrumb"},"inLanguage":"en-GB","potentialAction":[{"@type":"ReadAction","target":["https:\/\/www.hotalo-neefepark.de\/ueber-uns\/"]}]},{"@type":"ImageObject","inLanguage":"en-GB","@id":"https:\/\/www.hotalo-neefepark.de\/ueber-uns\/#primaryimage","url":"https:\/\/www.hotalo-neefepark.de\/wp-content\/uploads\/speisekarte.jpg","contentUrl":"https:\/\/www.hotalo-neefepark.de\/wp-content\/uploads\/speisekarte.jpg"},{"@type":"BreadcrumbList","@id":"https:\/\/www.hotalo-neefepark.de\/ueber-uns\/#breadcrumb","itemListElement":[{"@type":"ListItem","position":1,"name":"Home","item":"https:\/\/www.hotalo-neefepark.de\/"},{"@type":"ListItem","position":2,"name":"\u00dcber uns"}]},{"@type":"WebSite","@id":"https:\/\/www.hotalo-neefepark.de\/#website","url":"https:\/\/www.hotalo-neefepark.de\/","name":"Hotalo Vietnamese Street Food","description":"","publisher":{"@id":"https:\/\/www.hotalo-neefepark.de\/#organization"},"potentialAction":[{"@type":"SearchAction","target":{"@type":"EntryPoint","urlTemplate":"https:\/\/www.hotalo-neefepark.de\/?s={search_term_string}"},"query-input":{"@type":"PropertyValueSpecification","valueRequired":true,"valueName":"search_term_string"}}],"inLanguage":"en-GB"},{"@type":"Organization","@id":"https:\/\/www.hotalo-neefepark.de\/#organization","name":"Hotalo Vietnamese Street Food","url":"https:\/\/www.hotalo-neefepark.de\/","logo":{"@type":"ImageObject","inLanguage":"en-GB","@id":"https:\/\/www.hotalo-neefepark.de\/#\/schema\/logo\/image\/","url":"https:\/\/www.hotalo-neefepark.de\/wp-content\/uploads\/favicon.ico","contentUrl":"https:\/\/www.hotalo-neefepark.de\/wp-content\/uploads\/favicon.ico","width":256,"height":256,"caption":"Hotalo Vietnamese Street Food"},"image":{"@id":"https:\/\/www.hotalo-neefepark.de\/#\/schema\/logo\/image\/"},"sameAs":["https:\/\/www.facebook.com\/people\/Hotalo-Vietnamese-Street-Food\/61568273510672\/","https:\/\/www.instagram.com\/hotalo_neefepark\/"]}]}},"_links":{"self":[{"href":"https:\/\/www.hotalo-neefepark.de\/en\/wp-json\/wp\/v2\/pages\/756","targetHints":{"allow":["GET"]}}],"collection":[{"href":"https:\/\/www.hotalo-neefepark.de\/en\/wp-json\/wp\/v2\/pages"}],"about":[{"href":"https:\/\/www.hotalo-neefepark.de\/en\/wp-json\/wp\/v2\/types\/page"}],"author":[{"embeddable":true,"href":"https:\/\/www.hotalo-neefepark.de\/en\/wp-json\/wp\/v2\/users\/2"}],"replies":[{"embeddable":true,"href":"https:\/\/www.hotalo-neefepark.de\/en\/wp-json\/wp\/v2\/comments?post=756"}],"version-history":[{"count":16,"href":"https:\/\/www.hotalo-neefepark.de\/en\/wp-json\/wp\/v2\/pages\/756\/revisions"}],"predecessor-version":[{"id":1043,"href":"https:\/\/www.hotalo-neefepark.de\/en\/wp-json\/wp\/v2\/pages\/756\/revisions\/1043"}],"wp:attachment":[{"href":"https:\/\/www.hotalo-neefepark.de\/en\/wp-json\/wp\/v2\/media?parent=756"}],"curies":[{"name":"wp","href":"https:\/\/api.w.org\/{rel}","templated":true}]}}